{"id":198,"date":"2026-01-27T17:51:31","date_gmt":"2026-01-27T16:51:31","guid":{"rendered":"http:\/\/localhost:8888\/lll\/?page_id=198"},"modified":"2026-01-28T22:08:32","modified_gmt":"2026-01-28T22:08:32","slug":"edition-2026","status":"publish","type":"page","link":"https:\/\/www.loirelayonlouet.fr\/index.php\/edition-2026\/","title":{"rendered":"\u00c9dition 2026"},"content":{"rendered":"\n<div style=\"height:45px\" aria-hidden=\"true\" class=\"wp-block-spacer\"><\/div>\n\n\n\n<div class=\"wp-block-columns is-layout-flex wp-container-core-columns-is-layout-28f84493 wp-block-columns-is-layout-flex\">\n<div class=\"wp-block-column is-layout-flow wp-block-column-is-layout-flow\" style=\"flex-basis:40.33%\">\n<p class=\"has-text-align-right has-palette-color-5-color has-text-color has-link-color has-large-font-size wp-elements-f06ccc66f0a880c61ed430e069aef8b2\">\u00c9DITION 2026<\/p>\n\n\n\n<p class=\"has-text-align-right\" style=\"border-style:none;border-width:0px;padding-top:0;padding-right:var(--wp--preset--spacing--30);padding-bottom:0;padding-left:var(--wp--preset--spacing--30);font-style:normal;font-weight:300;letter-spacing:2px\">Plongez au c\u0153ur de la cre\u0301ation artistique lors d\u2019un e\u0301ve\u0300nement a\u0300 ne pas manquer :<br>Les 26, 27 et 28 septembre 2025, 27 artistes confirme\u0301s et professionnels vous ouvrent les portes de leurs ateliers situe\u0301s en bord du Louet, du Layon ou de la Loire.<br>De\u0301couvrez une diversite\u0301 de styles, de supports, de techniques : Sculpture, peinture, dessin, gravure, photographie, installations\u2026chaque atelier vous re\u0301serve une surprise et vous invite a\u0300 une rencontre avec l\u2019imaginaire de l\u2019artiste. Que vous soyez a\u0300 ve\u0301lo ou en voiture, laissez-vous guider par la beaute\u0301 des paysages lige\u0301riens et visitez l\u2019ensemble des ateliers a\u0300 votre rythme. E\u0301merveillez-vous devant la richesse et la varie\u0301te\u0301 des cre\u0301ations expose\u0301es. Une chance unique de rencontrer les artistes et d\u2019e\u0301changer avec eux dans leur environnement de travail. N\u2019he\u0301sitez pas a\u0300 leur poser des questions et a\u0300 partager vos impressions.\u00ab LLL \u00bb Loire\/Layon\/Louet : un e\u0301ve\u0300nement pour tous les publics, venez en famille, entre amis ou en solo pour une journe\u0301e ou un week-end enrichissant. Ne manquez pas cette occasion de de\u0301couvrir l\u2019art vivant en bord de Loire ! <\/p>\n\n\n\n<p class=\"has-palette-color-5-color has-text-color has-link-color has-large-font-size wp-elements-ff5b613feb67dd1160c5c6b59b57fba3\" style=\"text-transform:uppercase\">INFORMATIONS PRATiques<\/p>\n\n\n\n<p class=\"has-palette-color-5-color has-text-color has-link-color has-medium-font-size wp-elements-54da2802d026832d1885aa72665ca4dc\">Dates : 26, 27 et 28 septembre 2025 <br>Horaires : 10h \u00e0 19h<br>Entr\u00e9e gratuite<br><\/p>\n\n\n\n<div style=\"height:14px\" aria-hidden=\"true\" class=\"wp-block-spacer\"><\/div>\n<\/div>\n\n\n\n<div class=\"wp-block-column is-layout-flow wp-block-column-is-layout-flow\" style=\"flex-basis:66.66%\">\n<figure class=\"wp-block-image size-large\" style=\"margin-right:var(--wp--preset--spacing--30);margin-left:var(--wp--preset--spacing--30)\"><img loading=\"lazy\" decoding=\"async\" width=\"725\" height=\"1024\" src=\"http:\/\/www.loirelayonlouet.fr\/wp-content\/uploads\/2026\/01\/Affiche-2025-web-725x1024.jpg\" alt=\"\" class=\"wp-image-317\" srcset=\"https:\/\/www.loirelayonlouet.fr\/wp-content\/uploads\/2026\/01\/Affiche-2025-web-725x1024.jpg 725w, https:\/\/www.loirelayonlouet.fr\/wp-content\/uploads\/2026\/01\/Affiche-2025-web-212x300.jpg 212w, https:\/\/www.loirelayonlouet.fr\/wp-content\/uploads\/2026\/01\/Affiche-2025-web-768x1085.jpg 768w, https:\/\/www.loirelayonlouet.fr\/wp-content\/uploads\/2026\/01\/Affiche-2025-web-1087x1536.jpg 1087w, https:\/\/www.loirelayonlouet.fr\/wp-content\/uploads\/2026\/01\/Affiche-2025-web-1449x2048.jpg 1449w, https:\/\/www.loirelayonlouet.fr\/wp-content\/uploads\/2026\/01\/Affiche-2025-web-scaled.jpg 1812w\" sizes=\"auto, (max-width: 725px) 100vw, 725px\" \/><\/figure>\n<\/div>\n<\/div>\n\n\n\n<div style=\"height:38px\" aria-hidden=\"true\" class=\"wp-block-spacer\"><\/div>\n\n\n\n<p class=\"has-palette-color-5-color has-text-color has-link-color has-large-font-size wp-elements-6d3e963243920ad2f5043124f38d4b11\" style=\"text-transform:uppercase\">27 Artistes &#8211; 14 Ateliers <\/p>\n\n\n\n<p class=\"has-palette-color-8-color has-text-color has-link-color has-medium-font-size wp-elements-4105024fb433b42da8beb3fcc9625cf3\" style=\"font-style:normal;font-weight:300;line-height:2\">Antoine Birot, Claire Alary, Dominique Bonneval, Eric Tison, M\u00e9lanie Pasquier, Katarina Kudelova, Dominique Bellanger, Evelyne Gaillou, Gilles Sabard, Bruno Antony, Ma6hias Saillard, Vico, S\u00e9verine Li\u00e8vre, Julien Perrier, Julie6e Trebuchet, Nine Geslin, Denis Huneau, Gwenola Saillard, Elisa Fache, H\u00e9l\u00e8ne Gay, Anne Morea, Anne Zerna, C\u00e9cile de La Monneraye, Charlotte Altair, Laurence Touzard, Julia Gerard, Beno\u00eet Pouplard.<\/p>\n\n\n\n<div style=\"height:45px\" aria-hidden=\"true\" class=\"wp-block-spacer\"><\/div>\n\n\n\n<div class=\"wp-block-pdfjsblock-pdfjs-embed pdfjs-wrapper\"><\/div>\n\n\n<div class=\"leaflet-map WPLeafletMap\" style=\"height:600px; width:100%;\"><\/div><script>\nwindow.WPLeafletMapPlugin = window.WPLeafletMapPlugin || [];\nwindow.WPLeafletMapPlugin.push(function WPLeafletMapShortcode() {\/*<script>*\/\nvar baseUrl = atob('aHR0cHM6Ly90aWxlLm9wZW5zdHJlZXRtYXAub3JnL3t6fS97eH0ve3l9LnBuZw==');\nvar base = (!baseUrl && window.MQ) ?\n    window.MQ.mapLayer() : L.tileLayer(baseUrl,\n        L.Util.extend({}, {\n            detectRetina: 0,\n        },\n        {\"subdomains\":\"abc\",\"noWrap\":false,\"maxZoom\":14}        )\n    );\n    var options = L.Util.extend({}, {\n        layers: [base],\n        attributionControl: false\n    },\n    {\"dragging\":true,\"zoomControl\":true,\"scrollWheelZoom\":false,\"doubleClickZoom\":false,\"fitBounds\":false,\"minZoom\":8,\"maxZoom\":14,\"maxBounds\":null,\"attribution\":\"<a href=\\\"http:\\\/\\\/leafletjs.com\\\" title=\\\"A JS library for interactive maps\\\">Leaflet<\\\/a>; \\u00a9 <a href=\\\"http:\\\/\\\/www.openstreetmap.org\\\/copyright\\\">OpenStreetMap<\\\/a> contributors\"},\n    {});\nwindow.WPLeafletMapPlugin.createMap(options).setView([47.369474,-0.520558],11);});<\/script>\n<p><script>\nwindow.WPLeafletMapPlugin = window.WPLeafletMapPlugin || [];\nwindow.WPLeafletMapPlugin.push(function WPLeafletMarkerShortcode() {\/*<script>*\/\nvar map = window.WPLeafletMapPlugin.getCurrentMap();\nvar group = window.WPLeafletMapPlugin.getCurrentGroup();\nvar marker_options = window.WPLeafletMapPlugin.getIconOptions({});\nvar marker = L.marker(\n    [47.401229860678,-0.5503933236955],\n    marker_options\n);\nvar is_image = map.is_image_map;\nif (marker_options.draggable) {\n    marker.on('dragend', function () {\n        var latlng = this.getLatLng();\n        var lat = latlng.lat;\n        var lng = latlng.lng;\n        if (is_image) {\n            console.log('leaflet-marker y=' + lat + ' x=' + lng);\n        } else {\n            console.log('leaflet-marker lat=' + lat + ' lng=' + lng);\n        }\n    });\n}\nmarker.addTo( group );\nmarker.bindPopup(window.WPLeafletMapPlugin.unescape('Atelier Elisa Fache'));window.WPLeafletMapPlugin.markers.push( marker );\n        });<\/script><br \/>\n<script>\nwindow.WPLeafletMapPlugin = window.WPLeafletMapPlugin || [];\nwindow.WPLeafletMapPlugin.push(function WPLeafletMarkerShortcode() {\/*<script>*\/\nvar map = window.WPLeafletMapPlugin.getCurrentMap();\nvar group = window.WPLeafletMapPlugin.getCurrentGroup();\nvar marker_options = window.WPLeafletMapPlugin.getIconOptions({});\nvar marker = L.marker(\n    [47.401594503348,-0.46356753587],\n    marker_options\n);\nvar is_image = map.is_image_map;\nif (marker_options.draggable) {\n    marker.on('dragend', function () {\n        var latlng = this.getLatLng();\n        var lat = latlng.lat;\n        var lng = latlng.lng;\n        if (is_image) {\n            console.log('leaflet-marker y=' + lat + ' x=' + lng);\n        } else {\n            console.log('leaflet-marker lat=' + lat + ' lng=' + lng);\n        }\n    });\n}\nmarker.addTo( group );\nmarker.bindPopup(window.WPLeafletMapPlugin.unescape('Atelier Anne Morea'));window.WPLeafletMapPlugin.markers.push( marker );\n        });<\/script><br \/>\n<script>\nwindow.WPLeafletMapPlugin = window.WPLeafletMapPlugin || [];\nwindow.WPLeafletMapPlugin.push(function WPLeafletMarkerShortcode() {\/*<script>*\/\nvar map = window.WPLeafletMapPlugin.getCurrentMap();\nvar group = window.WPLeafletMapPlugin.getCurrentGroup();\nvar marker_options = window.WPLeafletMapPlugin.getIconOptions({});\nvar marker = L.marker(\n    [47.327638956594,-0.66732067604412],\n    marker_options\n);\nvar is_image = map.is_image_map;\nif (marker_options.draggable) {\n    marker.on('dragend', function () {\n        var latlng = this.getLatLng();\n        var lat = latlng.lat;\n        var lng = latlng.lng;\n        if (is_image) {\n            console.log('leaflet-marker y=' + lat + ' x=' + lng);\n        } else {\n            console.log('leaflet-marker lat=' + lat + ' lng=' + lng);\n        }\n    });\n}\nmarker.addTo( group );\nmarker.bindPopup(window.WPLeafletMapPlugin.unescape('Atelier Juliette Trebuchet'));window.WPLeafletMapPlugin.markers.push( marker );\n        });<\/script><br \/>\n<script>\nwindow.WPLeafletMapPlugin = window.WPLeafletMapPlugin || [];\nwindow.WPLeafletMapPlugin.push(function WPLeafletMarkerShortcode() {\/*<script>*\/\nvar map = window.WPLeafletMapPlugin.getCurrentMap();\nvar group = window.WPLeafletMapPlugin.getCurrentGroup();\nvar marker_options = window.WPLeafletMapPlugin.getIconOptions({});\nvar marker = L.marker(\n    [47.379704639319,-0.67193347416756],\n    marker_options\n);\nvar is_image = map.is_image_map;\nif (marker_options.draggable) {\n    marker.on('dragend', function () {\n        var latlng = this.getLatLng();\n        var lat = latlng.lat;\n        var lng = latlng.lng;\n        if (is_image) {\n            console.log('leaflet-marker y=' + lat + ' x=' + lng);\n        } else {\n            console.log('leaflet-marker lat=' + lat + ' lng=' + lng);\n        }\n    });\n}\nmarker.addTo( group );\nmarker.bindPopup(window.WPLeafletMapPlugin.unescape('Atelier Claire Alary'));window.WPLeafletMapPlugin.markers.push( marker );\n        });<\/script><br \/>\n<script>\nwindow.WPLeafletMapPlugin = window.WPLeafletMapPlugin || [];\nwindow.WPLeafletMapPlugin.push(function WPLeafletMarkerShortcode() {\/*<script>*\/\nvar map = window.WPLeafletMapPlugin.getCurrentMap();\nvar group = window.WPLeafletMapPlugin.getCurrentGroup();\nvar marker_options = window.WPLeafletMapPlugin.getIconOptions({});\nvar marker = L.marker(\n    [47.388061760169,-0.86019969044713],\n    marker_options\n);\nvar is_image = map.is_image_map;\nif (marker_options.draggable) {\n    marker.on('dragend', function () {\n        var latlng = this.getLatLng();\n        var lat = latlng.lat;\n        var lng = latlng.lng;\n        if (is_image) {\n            console.log('leaflet-marker y=' + lat + ' x=' + lng);\n        } else {\n            console.log('leaflet-marker lat=' + lat + ' lng=' + lng);\n        }\n    });\n}\nmarker.addTo( group );\nmarker.bindPopup(window.WPLeafletMapPlugin.unescape('Atelier Dominique Bellanger'));window.WPLeafletMapPlugin.markers.push( marker );\n        });<\/script><br \/>\n<script>\nwindow.WPLeafletMapPlugin = window.WPLeafletMapPlugin || [];\nwindow.WPLeafletMapPlugin.push(function WPLeafletMarkerShortcode() {\/*<script>*\/\nvar map = window.WPLeafletMapPlugin.getCurrentMap();\nvar group = window.WPLeafletMapPlugin.getCurrentGroup();\nvar marker_options = window.WPLeafletMapPlugin.getIconOptions({});\nvar marker = L.marker(\n    [47.329244009459,-0.55285415733942],\n    marker_options\n);\nvar is_image = map.is_image_map;\nif (marker_options.draggable) {\n    marker.on('dragend', function () {\n        var latlng = this.getLatLng();\n        var lat = latlng.lat;\n        var lng = latlng.lng;\n        if (is_image) {\n            console.log('leaflet-marker y=' + lat + ' x=' + lng);\n        } else {\n            console.log('leaflet-marker lat=' + lat + ' lng=' + lng);\n        }\n    });\n}\nmarker.addTo( group );\nmarker.bindPopup(window.WPLeafletMapPlugin.unescape('Atelier Denis Huneau'));window.WPLeafletMapPlugin.markers.push( marker );\n        });<\/script><br \/>\n<script>\nwindow.WPLeafletMapPlugin = window.WPLeafletMapPlugin || [];\nwindow.WPLeafletMapPlugin.push(function WPLeafletMarkerShortcode() {\/*<script>*\/\nvar map = window.WPLeafletMapPlugin.getCurrentMap();\nvar group = window.WPLeafletMapPlugin.getCurrentGroup();\nvar marker_options = window.WPLeafletMapPlugin.getIconOptions({});\nvar marker = L.marker(\n    [47.356836101793,-0.6558193461191],\n    marker_options\n);\nvar is_image = map.is_image_map;\nif (marker_options.draggable) {\n    marker.on('dragend', function () {\n        var latlng = this.getLatLng();\n        var lat = latlng.lat;\n        var lng = latlng.lng;\n        if (is_image) {\n            console.log('leaflet-marker y=' + lat + ' x=' + lng);\n        } else {\n            console.log('leaflet-marker lat=' + lat + ' lng=' + lng);\n        }\n    });\n}\nmarker.addTo( group );\nmarker.bindPopup(window.WPLeafletMapPlugin.unescape('Atelier Bruno Antony'));window.WPLeafletMapPlugin.markers.push( marker );\n        });<\/script><br \/>\n<script>\nwindow.WPLeafletMapPlugin = window.WPLeafletMapPlugin || [];\nwindow.WPLeafletMapPlugin.push(function WPLeafletMarkerShortcode() {\/*<script>*\/\nvar map = window.WPLeafletMapPlugin.getCurrentMap();\nvar group = window.WPLeafletMapPlugin.getCurrentGroup();\nvar marker_options = window.WPLeafletMapPlugin.getIconOptions({});\nvar marker = L.marker(\n    [47.363831843229,-0.67362370300397],\n    marker_options\n);\nvar is_image = map.is_image_map;\nif (marker_options.draggable) {\n    marker.on('dragend', function () {\n        var latlng = this.getLatLng();\n        var lat = latlng.lat;\n        var lng = latlng.lng;\n        if (is_image) {\n            console.log('leaflet-marker y=' + lat + ' x=' + lng);\n        } else {\n            console.log('leaflet-marker lat=' + lat + ' lng=' + lng);\n        }\n    });\n}\nmarker.addTo( group );\nmarker.bindPopup(window.WPLeafletMapPlugin.unescape('Atelier Eric Tison'));window.WPLeafletMapPlugin.markers.push( marker );\n        });<\/script><br \/>\n<script>\nwindow.WPLeafletMapPlugin = window.WPLeafletMapPlugin || [];\nwindow.WPLeafletMapPlugin.push(function WPLeafletMarkerShortcode() {\/*<script>*\/\nvar map = window.WPLeafletMapPlugin.getCurrentMap();\nvar group = window.WPLeafletMapPlugin.getCurrentGroup();\nvar marker_options = window.WPLeafletMapPlugin.getIconOptions({});\nvar marker = L.marker(\n    [47.360698981375,-0.64844758524785],\n    marker_options\n);\nvar is_image = map.is_image_map;\nif (marker_options.draggable) {\n    marker.on('dragend', function () {\n        var latlng = this.getLatLng();\n        var lat = latlng.lat;\n        var lng = latlng.lng;\n        if (is_image) {\n            console.log('leaflet-marker y=' + lat + ' x=' + lng);\n        } else {\n            console.log('leaflet-marker lat=' + lat + ' lng=' + lng);\n        }\n    });\n}\nmarker.addTo( group );\nmarker.bindPopup(window.WPLeafletMapPlugin.unescape('Atelier Melanie Pasquier et Antoine Birot'));window.WPLeafletMapPlugin.markers.push( marker );\n        });<\/script><br \/>\n<script>\nwindow.WPLeafletMapPlugin = window.WPLeafletMapPlugin || [];\nwindow.WPLeafletMapPlugin.push(function WPLeafletMarkerShortcode() {\/*<script>*\/\nvar map = window.WPLeafletMapPlugin.getCurrentMap();\nvar group = window.WPLeafletMapPlugin.getCurrentGroup();\nvar marker_options = window.WPLeafletMapPlugin.getIconOptions({});\nvar marker = L.marker(\n    [47.368211991442,-0.26340432096174],\n    marker_options\n);\nvar is_image = map.is_image_map;\nif (marker_options.draggable) {\n    marker.on('dragend', function () {\n        var latlng = this.getLatLng();\n        var lat = latlng.lat;\n        var lng = latlng.lng;\n        if (is_image) {\n            console.log('leaflet-marker y=' + lat + ' x=' + lng);\n        } else {\n            console.log('leaflet-marker lat=' + lat + ' lng=' + lng);\n        }\n    });\n}\nmarker.addTo( group );\nmarker.bindPopup(window.WPLeafletMapPlugin.unescape('Galerie La recreation'));window.WPLeafletMapPlugin.markers.push( marker );\n        });<\/script><\/p>\n","protected":false},"excerpt":{"rendered":"<p>\u00c9DITION 2026 Plongez au c\u0153ur de la cre\u0301ation artistique lors d\u2019un e\u0301ve\u0300nement a\u0300 ne pas manquer :Les 26, 27 et 28 septembre 2025, 27 artistes confirme\u0301s et professionnels vous ouvrent les portes de leurs ateliers situe\u0301s en bord du Louet, du Layon ou de la Loire.De\u0301couvrez une diversite\u0301 de styles, de supports, de techniques : [&hellip;]<\/p>\n","protected":false},"author":1,"featured_media":0,"parent":0,"menu_order":0,"comment_status":"closed","ping_status":"closed","template":"","meta":{"_acf_changed":false,"footnotes":""},"class_list":["post-198","page","type-page","status-publish","hentry"],"blocksy_meta":[],"acf":[],"_links":{"self":[{"href":"https:\/\/www.loirelayonlouet.fr\/index.php\/wp-json\/wp\/v2\/pages\/198","targetHints":{"allow":["GET"]}}],"collection":[{"href":"https:\/\/www.loirelayonlouet.fr\/index.php\/wp-json\/wp\/v2\/pages"}],"about":[{"href":"https:\/\/www.loirelayonlouet.fr\/index.php\/wp-json\/wp\/v2\/types\/page"}],"author":[{"embeddable":true,"href":"https:\/\/www.loirelayonlouet.fr\/index.php\/wp-json\/wp\/v2\/users\/1"}],"replies":[{"embeddable":true,"href":"https:\/\/www.loirelayonlouet.fr\/index.php\/wp-json\/wp\/v2\/comments?post=198"}],"version-history":[{"count":4,"href":"https:\/\/www.loirelayonlouet.fr\/index.php\/wp-json\/wp\/v2\/pages\/198\/revisions"}],"predecessor-version":[{"id":365,"href":"https:\/\/www.loirelayonlouet.fr\/index.php\/wp-json\/wp\/v2\/pages\/198\/revisions\/365"}],"wp:attachment":[{"href":"https:\/\/www.loirelayonlouet.fr\/index.php\/wp-json\/wp\/v2\/media?parent=198"}],"curies":[{"name":"wp","href":"https:\/\/api.w.org\/{rel}","templated":true}]}}