{"id":106,"date":"2026-01-27T15:32:32","date_gmt":"2026-01-27T14:32:32","guid":{"rendered":"http:\/\/localhost:8888\/lll\/?page_id=106"},"modified":"2026-01-28T22:37:17","modified_gmt":"2026-01-28T22:37:17","slug":"expositions-collectives","status":"publish","type":"page","link":"https:\/\/www.loirelayonlouet.fr\/index.php\/expositions-collectives\/","title":{"rendered":"Expositions collectives"},"content":{"rendered":"\n<div class=\"wp-block-columns is-layout-flex wp-container-core-columns-is-layout-28f84493 wp-block-columns-is-layout-flex\">\n<div class=\"wp-block-column is-layout-flow wp-block-column-is-layout-flow\">\n<p class=\"has-text-align-right has-palette-color-5-color has-text-color has-link-color has-large-font-size wp-elements-10ee4205d3a2329bf4e5afeda24af1f3\" style=\"margin-right:var(--wp--preset--spacing--80);margin-left:var(--wp--preset--spacing--80);font-style:normal;font-weight:400\">EXPOSITIONS COLLECTIVES<\/p>\n\n\n\n<p class=\"has-text-align-right\" style=\"margin-right:var(--wp--preset--spacing--80);margin-left:var(--wp--preset--spacing--80)\"><strong><mark style=\"background-color:rgba(0, 0, 0, 0);color:#ffffff\" class=\"has-inline-color\"><br>La Galerie La R\u00e9cr\u00e9ation<\/mark><\/strong> pr\u00e9sente chaque ann\u00e9e <br>une exposition collective pr\u00e9sentant une \u0153uvre <br>de chacun des artistes participant au circuit.<br>Du 19 au 29 septembre<br><br>25 quai des mariniers<br>Le Thoureil<br>49350 Gennes-Val-de-Loire <br><br>Contact : 06 12 67 18 26<\/p>\n<\/div>\n\n\n\n<div class=\"wp-block-column is-layout-flow wp-block-column-is-layout-flow\">\n<figure class=\"wp-block-image size-large\" style=\"margin-right:0;margin-left:0\"><img loading=\"lazy\" decoding=\"async\" width=\"1024\" height=\"770\" src=\"http:\/\/www.loirelayonlouet.fr\/wp-content\/uploads\/2026\/01\/galerie-recreation-1024x770.jpg\" alt=\"\" class=\"wp-image-355\" srcset=\"https:\/\/www.loirelayonlouet.fr\/wp-content\/uploads\/2026\/01\/galerie-recreation-1024x770.jpg 1024w, https:\/\/www.loirelayonlouet.fr\/wp-content\/uploads\/2026\/01\/galerie-recreation-300x225.jpg 300w, https:\/\/www.loirelayonlouet.fr\/wp-content\/uploads\/2026\/01\/galerie-recreation-768x577.jpg 768w, https:\/\/www.loirelayonlouet.fr\/wp-content\/uploads\/2026\/01\/galerie-recreation.jpg 1357w\" sizes=\"auto, (max-width: 1024px) 100vw, 1024px\" \/><\/figure>\n<\/div>\n<\/div>\n\n\n\n<div style=\"height:100px\" aria-hidden=\"true\" class=\"wp-block-spacer\"><\/div>\n\n\n<p><div class=\"leaflet-map WPLeafletMap\" style=\"height:300px; width:100%;\"><\/div><script>\nwindow.WPLeafletMapPlugin = window.WPLeafletMapPlugin || [];\nwindow.WPLeafletMapPlugin.push(function WPLeafletMapShortcode() {\/*<script>*\/\nvar baseUrl = atob('aHR0cHM6Ly90aWxlLm9wZW5zdHJlZXRtYXAub3JnL3t6fS97eH0ve3l9LnBuZw==');\nvar base = (!baseUrl && window.MQ) ?\n    window.MQ.mapLayer() : L.tileLayer(baseUrl,\n        L.Util.extend({}, {\n            detectRetina: 0,\n        },\n        {\"subdomains\":\"abc\",\"noWrap\":false,\"maxZoom\":14}        )\n    );\n    var options = L.Util.extend({}, {\n        layers: [base],\n        attributionControl: false\n    },\n    {\"dragging\":true,\"zoomControl\":true,\"scrollWheelZoom\":false,\"doubleClickZoom\":false,\"fitBounds\":false,\"minZoom\":8,\"maxZoom\":14,\"maxBounds\":null,\"attribution\":\"<a href=\\\"http:\\\/\\\/leafletjs.com\\\" title=\\\"A JS library for interactive maps\\\">Leaflet<\\\/a>; \\u00a9 <a href=\\\"http:\\\/\\\/www.openstreetmap.org\\\/copyright\\\">OpenStreetMap<\\\/a> contributors\"},\n    {});\nwindow.WPLeafletMapPlugin.createMap(options).setView([47.369474,-0.520558],11);});<\/script><br \/>\n<script>\nwindow.WPLeafletMapPlugin = window.WPLeafletMapPlugin || [];\nwindow.WPLeafletMapPlugin.push(function WPLeafletMarkerShortcode() {\/*<script>*\/\nvar map = window.WPLeafletMapPlugin.getCurrentMap();\nvar group = window.WPLeafletMapPlugin.getCurrentGroup();\nvar marker_options = window.WPLeafletMapPlugin.getIconOptions({});\nvar marker = L.marker(\n    [47.368211991442,-0.26340432096174],\n    marker_options\n);\nvar is_image = map.is_image_map;\nif (marker_options.draggable) {\n    marker.on('dragend', function () {\n        var latlng = this.getLatLng();\n        var lat = latlng.lat;\n        var lng = latlng.lng;\n        if (is_image) {\n            console.log('leaflet-marker y=' + lat + ' x=' + lng);\n        } else {\n            console.log('leaflet-marker lat=' + lat + ' lng=' + lng);\n        }\n    });\n}\nmarker.addTo( group );\nmarker.bindPopup(window.WPLeafletMapPlugin.unescape('Galerie La recreation'));window.WPLeafletMapPlugin.markers.push( marker );\n        });<\/script><\/p>\n\n\n\n<p><\/p>\n","protected":false},"excerpt":{"rendered":"<p>EXPOSITIONS COLLECTIVES La Galerie La R\u00e9cr\u00e9ation pr\u00e9sente chaque ann\u00e9e une exposition collective pr\u00e9sentant une \u0153uvre de chacun des artistes participant au circuit.Du 19 au 29 septembre 25 quai des mariniersLe Thoureil49350 Gennes-Val-de-Loire Contact : 06 12 67 18 26<\/p>\n","protected":false},"author":1,"featured_media":0,"parent":0,"menu_order":0,"comment_status":"closed","ping_status":"closed","template":"","meta":{"_acf_changed":false,"footnotes":""},"class_list":["post-106","page","type-page","status-publish","hentry"],"blocksy_meta":[],"acf":[],"_links":{"self":[{"href":"https:\/\/www.loirelayonlouet.fr\/index.php\/wp-json\/wp\/v2\/pages\/106","targetHints":{"allow":["GET"]}}],"collection":[{"href":"https:\/\/www.loirelayonlouet.fr\/index.php\/wp-json\/wp\/v2\/pages"}],"about":[{"href":"https:\/\/www.loirelayonlouet.fr\/index.php\/wp-json\/wp\/v2\/types\/page"}],"author":[{"embeddable":true,"href":"https:\/\/www.loirelayonlouet.fr\/index.php\/wp-json\/wp\/v2\/users\/1"}],"replies":[{"embeddable":true,"href":"https:\/\/www.loirelayonlouet.fr\/index.php\/wp-json\/wp\/v2\/comments?post=106"}],"version-history":[{"count":7,"href":"https:\/\/www.loirelayonlouet.fr\/index.php\/wp-json\/wp\/v2\/pages\/106\/revisions"}],"predecessor-version":[{"id":371,"href":"https:\/\/www.loirelayonlouet.fr\/index.php\/wp-json\/wp\/v2\/pages\/106\/revisions\/371"}],"wp:attachment":[{"href":"https:\/\/www.loirelayonlouet.fr\/index.php\/wp-json\/wp\/v2\/media?parent=106"}],"curies":[{"name":"wp","href":"https:\/\/api.w.org\/{rel}","templated":true}]}}