{"id":102,"date":"2026-01-27T15:31:31","date_gmt":"2026-01-27T14:31:31","guid":{"rendered":"http:\/\/localhost:8888\/lll\/?page_id=102"},"modified":"2026-01-28T20:24:19","modified_gmt":"2026-01-28T20:24:19","slug":"candidater","status":"publish","type":"page","link":"https:\/\/www.loirelayonlouet.fr\/index.php\/candidater\/","title":{"rendered":"Candidater"},"content":{"rendered":"\n<div class=\"wp-block-columns are-vertically-aligned-center is-layout-flex wp-container-core-columns-is-layout-28f84493 wp-block-columns-is-layout-flex\">\n<div class=\"wp-block-column is-layout-flow wp-block-column-is-layout-flow\">\n<div style=\"height:60px\" aria-hidden=\"true\" class=\"wp-block-spacer\"><\/div>\n\n\n\n<p class=\"has-text-align-center has-palette-color-5-color has-text-color has-link-color has-large-font-size wp-elements-64a21f2e3479bd87e5a8955958f4d95b\" style=\"font-style:normal;font-weight:400\"><meta http-equiv=\"content-type\" content=\"text\/html; charset=utf-8\"><\/meta><\/p>\n<\/div>\n<\/div>\n\n\n\n<div class=\"wp-block-columns is-layout-flex wp-container-core-columns-is-layout-28f84493 wp-block-columns-is-layout-flex\">\n<div class=\"wp-block-column is-vertically-aligned-top is-layout-flow wp-block-column-is-layout-flow\">\n<p class=\"has-palette-color-5-color has-text-color has-link-color has-large-font-size wp-elements-5bb9985cdcbf5684a939de45ffe54e89\" style=\"margin-right:var(--wp--preset--spacing--70);margin-left:var(--wp--preset--spacing--70);font-style:normal;font-weight:400\"> COMMENT CANDIDATER ?<\/p>\n\n\n\n<p style=\"margin-right:var(--wp--preset--spacing--70);margin-left:var(--wp--preset--spacing--70)\">Vous souhaitez ouvrir votre atelier au public dans le cadre de notre circuit d&#8217;art ? Ou \u00eatre artiste invit\u00e9 dans un des nos ateliers durant les portes ouvertes de Loire Layon Louet ? <\/p>\n\n\n\n<p style=\"margin-right:var(--wp--preset--spacing--70);margin-left:var(--wp--preset--spacing--70)\">Envoyez nous votre candidature \u00e0 l&#8217;aide du formulaire <br>ci-contre >>><\/p>\n\n\n\n<p style=\"margin-right:var(--wp--preset--spacing--70);margin-left:var(--wp--preset--spacing--70)\"> Joingez-y un portfolio et envoyer le-nous \u00e0 l&#8217;adresse suivante : <\/p>\n\n\n\n<div class=\"wp-block-buttons is-content-justification-center is-layout-flex wp-container-core-buttons-is-layout-a89b3969 wp-block-buttons-is-layout-flex\">\n<div class=\"wp-block-button\"><a class=\"wp-block-button__link wp-element-button\" href=\"mailto:loirelayonlouet@gmail.com\">contact<\/a><\/div>\n<\/div>\n\n\n\n<p style=\"margin-right:var(--wp--preset--spacing--70);margin-left:var(--wp--preset--spacing--70)\">Les crit\u00e8res <strong>de s\u00e9lection r\u00e9unissent trois param\u00e8tres : un engagement dans une recherche et une exp\u00e9rimentation artistique \u00a0personnelle et singuli\u00e8re, la proximit\u00e9 de l\u2019atelier avec le circuit LLL et la Loire, et sa capacit\u00e9 \u00e0 recevoir du public<\/strong>. <br><\/p>\n\n\n\n<p style=\"margin-right:var(--wp--preset--spacing--70);margin-left:var(--wp--preset--spacing--70)\">Votre demande sera examin\u00e9 par les membres du collectif Loire Layon Louet. L\u2019examen de la candidature par le collectif pourra s\u2019accompagner d\u2019une visite d\u2019atelier.<\/p>\n<\/div>\n\n\n\n<div class=\"wp-block-column is-vertically-aligned-top is-layout-flow wp-block-column-is-layout-flow\">\n<div class=\"wp-block-pdfjsblock-pdfjs-embed pdfjs-wrapper\"><\/div>\n<\/div>\n<\/div>\n\n\n\n<p><\/p>\n\n\n\n<div class=\"wp-block-file alignright\"><a id=\"wp-block-file--media-8fc9f139-2580-4541-91c1-644043132e5e\" href=\"http:\/\/www.loirelayonlouet.fr\/wp-content\/uploads\/2026\/01\/Demande-douverture-datelier.doc\">Demande d&#8217;ouverture d&#8217;atelier<\/a><a href=\"http:\/\/www.loirelayonlouet.fr\/wp-content\/uploads\/2026\/01\/Demande-douverture-datelier.doc\" class=\"wp-block-file__button wp-element-button\" download aria-describedby=\"wp-block-file--media-8fc9f139-2580-4541-91c1-644043132e5e\">T\u00e9l\u00e9charger<\/a><\/div>\n","protected":false},"excerpt":{"rendered":"<p>COMMENT CANDIDATER ? Vous souhaitez ouvrir votre atelier au public dans le cadre de notre circuit d&#8217;art ? Ou \u00eatre artiste invit\u00e9 dans un des nos ateliers durant les portes ouvertes de Loire Layon Louet ? Envoyez nous votre candidature \u00e0 l&#8217;aide du formulaire ci-contre >>> Joingez-y un portfolio et envoyer le-nous \u00e0 l&#8217;adresse suivante [&hellip;]<\/p>\n","protected":false},"author":1,"featured_media":0,"parent":0,"menu_order":0,"comment_status":"closed","ping_status":"closed","template":"","meta":{"_acf_changed":false,"footnotes":""},"class_list":["post-102","page","type-page","status-publish","hentry"],"blocksy_meta":[],"acf":[],"_links":{"self":[{"href":"https:\/\/www.loirelayonlouet.fr\/index.php\/wp-json\/wp\/v2\/pages\/102","targetHints":{"allow":["GET"]}}],"collection":[{"href":"https:\/\/www.loirelayonlouet.fr\/index.php\/wp-json\/wp\/v2\/pages"}],"about":[{"href":"https:\/\/www.loirelayonlouet.fr\/index.php\/wp-json\/wp\/v2\/types\/page"}],"author":[{"embeddable":true,"href":"https:\/\/www.loirelayonlouet.fr\/index.php\/wp-json\/wp\/v2\/users\/1"}],"replies":[{"embeddable":true,"href":"https:\/\/www.loirelayonlouet.fr\/index.php\/wp-json\/wp\/v2\/comments?post=102"}],"version-history":[{"count":12,"href":"https:\/\/www.loirelayonlouet.fr\/index.php\/wp-json\/wp\/v2\/pages\/102\/revisions"}],"predecessor-version":[{"id":353,"href":"https:\/\/www.loirelayonlouet.fr\/index.php\/wp-json\/wp\/v2\/pages\/102\/revisions\/353"}],"wp:attachment":[{"href":"https:\/\/www.loirelayonlouet.fr\/index.php\/wp-json\/wp\/v2\/media?parent=102"}],"curies":[{"name":"wp","href":"https:\/\/api.w.org\/{rel}","templated":true}]}}